{"id":5,"date":"2013-02-28T16:48:10","date_gmt":"2013-02-28T16:48:10","guid":{"rendered":"http:\/\/ogumguerreiro.org\/wp\/?page_id=5"},"modified":"2020-03-31T23:49:37","modified_gmt":"2020-04-01T02:49:37","slug":"apresentacao","status":"publish","type":"page","link":"http:\/\/www.ogumguerreiro.org\/wp\/","title":{"rendered":"Apresenta\u00e7\u00e3o"},"content":{"rendered":"<p><span style=\"font-size: 14px;\">&nbsp;&nbsp;&nbsp;&nbsp; Fundada na d\u00e9cada de 60, a Tenda de Umbanda F\u00e9, Esperan\u00e7a e Caridade&nbsp;<img decoding=\"async\" class=\"alignright\" style=\"margin: 15px; width: 209px; float: right; height: 297px; border: 1px solid;\" src=\"http:\/\/www.ogumguerreiro.org\/wp\/wp-content\/uploads\/2013\/02\/estrela1.jpg\" alt=\"\"> localizava na Fazenda S\u00e3o Jos\u00e9 dos Feixos, Lagoa Seca no munic\u00edpio de Fronteira \u2013 MG. O local era propriedade do Sr Leonidio Xavier da Cruz que com sua esposa Sra Geralda Felipe da Cruz \u2013 M\u00e3e Geralda e outros familiares e amigos deu corpo \u00e1 estrutura\u00e7\u00e3o da Casa bem como a sua corrente medi\u00fanica durante quase tr\u00eas d\u00e9cadas de atividades initerruptas . Grande parte dos registros dessa \u00e9poca se perderam sendo resgatados apenas uns poucos documentos e fotografia em preto e branco dos anos de 1974, 75 e 76.<\/span><\/p>\n<p style=\"text-align: justify;\"><span style=\"font-size: 14px;\">&nbsp;&nbsp;&nbsp;&nbsp; Em 1979 a&nbsp; propriedade foi vendida e as atividades da Tenda foram encerradas; estabelecida a nova resid\u00eancia da fam\u00edlia tratou-se logo de erguer o velho conga que d\u00e1 inicio \u00e1 segunda parte dessa hist\u00f3ria. Tal era a disposi\u00e7\u00e3o de todos que j\u00e1 em 02\/1981 acontecia a primeira reuni\u00e3o que tratou da funda\u00e7\u00e3o da Associa\u00e7\u00e3o Esp\u00edrita Ogum S\u00e3o Jorge, com&nbsp; sede pr\u00f3pria e j\u00e1 em seu endere\u00e7o atual. E foi por acreditarem que o \u201cCaboclo n\u00e3o bambeia\u201d que os \u201cfilhos de f\u00e9\u201d da antiga Taboquinha est\u00e3o firmes na banda ate hoje&#8230;<\/span><\/p>\n<p><iframe loading=\"lazy\" style=\"border: none; overflow: hidden; height: 80px;\" src=\"\/\/www.facebook.com\/plugins\/like.php?href=http%3A%2F%2Fwww.ogumguerreiro.org&amp;width&amp;layout=standard&amp;action=like&amp;show_faces=true&amp;share=true&amp;height=80\" scrolling=\"no\" width=\"0\" height=\"0\" frameborder=\"0\"><\/iframe><\/p>\n\n\n<p><\/p>\n<div class=\"fcbkbttn_buttons_block\" id=\"fcbkbttn_left\"><div class=\"fcbkbttn_like \"><fb:like href=\"http:\/\/www.ogumguerreiro.org\/wp\/\" action=\"like\" colorscheme=\"light\" layout=\"button_count\"  size=\"small\"><\/fb:like><\/div><div class=\"fb-share-button  \" data-href=\"http:\/\/www.ogumguerreiro.org\/wp\/\" data-type=\"button_count\" data-size=\"small\"><\/div><\/div>","protected":false},"excerpt":{"rendered":"<p>&nbsp;&nbsp;&nbsp;&nbsp; Fundada na d\u00e9cada de 60, a Tenda de Umbanda F\u00e9, Esperan\u00e7a e Caridade&nbsp; localizava na Fazenda S\u00e3o Jos\u00e9 dos Feixos, Lagoa Seca no munic\u00edpio [&#8230;]<\/p>\n<div class=\"fcbkbttn_buttons_block\" id=\"fcbkbttn_left\"><div class=\"fcbkbttn_like \"><fb:like href=\"http:\/\/www.ogumguerreiro.org\/wp\/\" action=\"like\" colorscheme=\"light\" layout=\"button_count\"  size=\"small\"><\/fb:like><\/div><div class=\"fb-share-button  \" data-href=\"http:\/\/www.ogumguerreiro.org\/wp\/\" data-type=\"button_count\" data-size=\"small\"><\/div><\/div>","protected":false},"author":1,"featured_media":0,"parent":291,"menu_order":0,"comment_status":"open","ping_status":"open","template":"","meta":{"footnotes":""},"class_list":["post-5","page","type-page","status-publish","hentry"],"_links":{"self":[{"href":"http:\/\/www.ogumguerreiro.org\/wp\/index.php?rest_route=\/wp\/v2\/pages\/5","targetHints":{"allow":["GET"]}}],"collection":[{"href":"http:\/\/www.ogumguerreiro.org\/wp\/index.php?rest_route=\/wp\/v2\/pages"}],"about":[{"href":"http:\/\/www.ogumguerreiro.org\/wp\/index.php?rest_route=\/wp\/v2\/types\/page"}],"author":[{"embeddable":true,"href":"http:\/\/www.ogumguerreiro.org\/wp\/index.php?rest_route=\/wp\/v2\/users\/1"}],"replies":[{"embeddable":true,"href":"http:\/\/www.ogumguerreiro.org\/wp\/index.php?rest_route=%2Fwp%2Fv2%2Fcomments&post=5"}],"version-history":[{"count":23,"href":"http:\/\/www.ogumguerreiro.org\/wp\/index.php?rest_route=\/wp\/v2\/pages\/5\/revisions"}],"predecessor-version":[{"id":436,"href":"http:\/\/www.ogumguerreiro.org\/wp\/index.php?rest_route=\/wp\/v2\/pages\/5\/revisions\/436"}],"up":[{"embeddable":true,"href":"http:\/\/www.ogumguerreiro.org\/wp\/index.php?rest_route=\/wp\/v2\/pages\/291"}],"wp:attachment":[{"href":"http:\/\/www.ogumguerreiro.org\/wp\/index.php?rest_route=%2Fwp%2Fv2%2Fmedia&parent=5"}],"curies":[{"name":"wp","href":"https:\/\/api.w.org\/{rel}","templated":true}]}}